{"id":62,"date":"2022-03-24T21:50:33","date_gmt":"2022-03-24T20:50:33","guid":{"rendered":"http:\/\/lucedomki.pl\/?page_id=62"},"modified":"2022-07-01T12:37:09","modified_gmt":"2022-07-01T10:37:09","slug":"nad-morzem","status":"publish","type":"page","link":"https:\/\/lucedomki.pl\/?page_id=62","title":{"rendered":"Nad morzem"},"content":{"rendered":"<p>[et_pb_section fb_built=&#8221;1&#8243; inner_shadow=&#8221;on&#8221; prev_background_color=&#8221;#ffffff&#8221; _builder_version=&#8221;4.5.1&#8243; _module_preset=&#8221;default&#8221; background_image=&#8221;http:\/\/lucedomki.pl\/wp-content\/uploads\/2022\/07\/domki-darlowek.jpg&#8221; transform_scale=&#8221;102%|102%&#8221; custom_padding=&#8221;316px||180px|||&#8221; filter_saturate=&#8221;182%&#8221; top_divider_style=&#8221;waves&#8221; bottom_divider_style=&#8221;waves&#8221; bottom_divider_color=&#8221;#FFFFFF&#8221;][\/et_pb_section][et_pb_section fb_built=&#8221;1&#8243; _builder_version=&#8221;4.5.1&#8243; _module_preset=&#8221;default&#8221; custom_margin=&#8221;-2px|||||&#8221; custom_padding=&#8221;||2px|||&#8221; top_divider_color=&#8221;#FFFFFF&#8221;][et_pb_row _builder_version=&#8221;4.5.1&#8243; _module_preset=&#8221;default&#8221;][et_pb_column type=&#8221;4_4&#8243; _builder_version=&#8221;4.5.1&#8243; _module_preset=&#8221;default&#8221;][et_pb_text _builder_version=&#8221;4.5.1&#8243; _module_preset=&#8221;default&#8221; text_font_size=&#8221;49px&#8221; text_line_height=&#8221;1.8em&#8221; text_orientation=&#8221;center&#8221;]<\/p>\n<p>Domki nad morzem<\/p>\n<p>[\/et_pb_text][\/et_pb_column][\/et_pb_row][et_pb_row _builder_version=&#8221;4.5.1&#8243; _module_preset=&#8221;default&#8221;][et_pb_column type=&#8221;4_4&#8243; _builder_version=&#8221;4.5.1&#8243; _module_preset=&#8221;default&#8221;][et_pb_text _builder_version=&#8221;4.5.1&#8243; _module_preset=&#8221;default&#8221; text_font_size=&#8221;23px&#8221; text_line_height=&#8221;1.8em&#8221;]<\/p>\n<p>Zapraszamy do malowniczej miejscowo\u015bci Kopa\u0144 nad morzem, 2 km od Dar\u0142\u00f3wka.<\/p>\n<p>Oferujemy Pa\u0144stwu pobyt w nowej lokalizacji nadmorskiej. Dwa domki typu ,,holenderka&#8221; po\u0142o\u017cone\u00a0na 15 arowej dzia\u0142ce znajduj\u0105cej si\u0119 200 m od strze\u017conej\u00a0pla\u017cy. Do dyspozycji go\u015bci bezp\u0142atny parking, plac zabaw, miejsce na grilla, a tak\u017ce przestronn\u0105 dzia\u0142k\u0119 rekreacyjn\u0105.<\/p>\n<p>Spokojna okolica przyjazna dla rodzin z dzie\u0107mi. Do Dar\u0142\u00f3wka prowadzi trasa rowerowa tu\u017c przy wydmach.<\/p>\n<p>[\/et_pb_text][\/et_pb_column][\/et_pb_row][\/et_pb_section][et_pb_section fb_built=&#8221;1&#8243; _builder_version=&#8221;4.5.1&#8243; _module_preset=&#8221;default&#8221; custom_margin=&#8221;-99px|||||&#8221;][et_pb_row column_structure=&#8221;1_2,1_2&#8243; _builder_version=&#8221;4.5.1&#8243; _module_preset=&#8221;default&#8221;][et_pb_column type=&#8221;1_2&#8243; _builder_version=&#8221;4.5.1&#8243; _module_preset=&#8221;default&#8221;][et_pb_image src=&#8221;http:\/\/lucedomki.pl\/wp-content\/uploads\/2022\/06\/IMG_0763-scaled.jpg&#8221; alt=&#8221;domek nad morzem wieloosobowy&#8221; title_text=&#8221;IMG_0763&#8243; url=&#8221;http:\/\/lucedomki.pl\/?page_id=129&#8243; _builder_version=&#8221;4.5.1&#8243; _module_preset=&#8221;default&#8221; custom_margin=&#8221;53px||-82px|||&#8221; custom_padding=&#8221;||0px|||&#8221; border_radii=&#8221;on|25px|25px|25px|25px&#8221; border_width_top=&#8221;0px&#8221; border_width_bottom=&#8221;0px&#8221; border_width_left=&#8221;0px&#8221; box_shadow_style=&#8221;preset2&#8243;][\/et_pb_image][et_pb_button button_url=&#8221;http:\/\/lucedomki.pl\/?page_id=129&#8243; button_text=&#8221;zobacz wi\u0119cej&#8221; button_alignment=&#8221;center&#8221; _builder_version=&#8221;4.5.1&#8243; custom_button=&#8221;on&#8221; button_text_color=&#8221;#ffffff&#8221; button_border_width=&#8221;4px&#8221; button_border_color=&#8221;#ffffff&#8221; button_border_radius=&#8221;100px&#8221; button_letter_spacing=&#8221;2px&#8221; button_font=&#8221;Montserrat|on||on|&#8221; button_icon=&#8221;%%36%%&#8221; custom_margin=&#8221;12px||5px|||&#8221; custom_padding=&#8221;0px||3px|||&#8221; animation_style=&#8221;fade&#8221; button_text_color_hover=&#8221;#ffffff&#8221; button_border_color_hover=&#8221;#ffffff&#8221; button_letter_spacing_hover=&#8221;2px&#8221; button_bg_color_hover=&#8221;rgba(0,0,0,0)&#8221; locked=&#8221;off&#8221; button_text_size__hover_enabled=&#8221;off&#8221; button_one_text_size__hover_enabled=&#8221;off&#8221; button_two_text_size__hover_enabled=&#8221;off&#8221; button_text_color__hover_enabled=&#8221;on&#8221; button_text_color__hover=&#8221;#ffffff&#8221; button_one_text_color__hover_enabled=&#8221;off&#8221; button_two_text_color__hover_enabled=&#8221;off&#8221; button_border_width__hover_enabled=&#8221;off&#8221; button_one_border_width__hover_enabled=&#8221;off&#8221; button_two_border_width__hover_enabled=&#8221;off&#8221; button_border_color__hover_enabled=&#8221;on&#8221; button_border_color__hover=&#8221;#ffffff&#8221; button_one_border_color__hover_enabled=&#8221;off&#8221; button_two_border_color__hover_enabled=&#8221;off&#8221; button_border_radius__hover_enabled=&#8221;off&#8221; button_one_border_radius__hover_enabled=&#8221;off&#8221; button_two_border_radius__hover_enabled=&#8221;off&#8221; button_letter_spacing__hover_enabled=&#8221;on&#8221; button_letter_spacing__hover=&#8221;2px&#8221; button_one_letter_spacing__hover_enabled=&#8221;off&#8221; button_two_letter_spacing__hover_enabled=&#8221;off&#8221; button_bg_color__hover_enabled=&#8221;on&#8221; button_bg_color__hover=&#8221;rgba(0,0,0,0)&#8221; button_one_bg_color__hover_enabled=&#8221;off&#8221; button_two_bg_color__hover_enabled=&#8221;off&#8221;][\/et_pb_button][et_pb_text _builder_version=&#8221;4.5.1&#8243; _module_preset=&#8221;default&#8221; text_font=&#8221;Montserrat|700|||||||&#8221; text_text_color=&#8221;#9e9e9e&#8221; text_font_size=&#8221;38px&#8221; header_font=&#8221;Abril Fatface|700|||||||&#8221; text_orientation=&#8221;center&#8221; custom_margin=&#8221;54px|||||&#8221; custom_padding=&#8221;2px||0px|||&#8221;]<\/p>\n<p>Domek nr 1<\/p>\n<p>[\/et_pb_text][\/et_pb_column][et_pb_column type=&#8221;1_2&#8243; _builder_version=&#8221;4.5.1&#8243; _module_preset=&#8221;default&#8221;][et_pb_image src=&#8221;http:\/\/lucedomki.pl\/wp-content\/uploads\/2022\/06\/IMG_0691-scaled.jpg&#8221; alt=&#8221;domki nad morzem Dar\u0142\u00f3wek&#8221; title_text=&#8221;IMG_0691&#8243; url=&#8221;http:\/\/lucedomki.pl\/?page_id=180&#8243; _builder_version=&#8221;4.5.1&#8243; _module_preset=&#8221;default&#8221; custom_margin=&#8221;51px||-88px|||&#8221; custom_padding=&#8221;||0px|||&#8221; border_radii=&#8221;on|25px|25px|25px|25px&#8221; box_shadow_style=&#8221;preset1&#8243; box_shadow_horizontal=&#8221;16px&#8221;][\/et_pb_image][et_pb_button button_url=&#8221;http:\/\/lucedomki.pl\/?page_id=180&#8243; button_text=&#8221;zobacz wi\u0119cej&#8221; button_alignment=&#8221;center&#8221; _builder_version=&#8221;4.5.1&#8243; custom_button=&#8221;on&#8221; button_text_color=&#8221;#ffffff&#8221; button_border_width=&#8221;4px&#8221; button_border_color=&#8221;#ffffff&#8221; button_border_radius=&#8221;100px&#8221; button_letter_spacing=&#8221;2px&#8221; button_font=&#8221;Montserrat|on||on|&#8221; button_icon=&#8221;%%36%%&#8221; custom_margin=&#8221;18px||0px|||&#8221; custom_padding=&#8221;0px||2px|||&#8221; animation_style=&#8221;fade&#8221; button_text_color_hover=&#8221;#ffffff&#8221; button_border_color_hover=&#8221;#ffffff&#8221; button_letter_spacing_hover=&#8221;2px&#8221; button_bg_color_hover=&#8221;rgba(0,0,0,0)&#8221; locked=&#8221;off&#8221; button_text_size__hover_enabled=&#8221;off&#8221; button_one_text_size__hover_enabled=&#8221;off&#8221; button_two_text_size__hover_enabled=&#8221;off&#8221; button_text_color__hover_enabled=&#8221;on&#8221; button_text_color__hover=&#8221;#ffffff&#8221; button_one_text_color__hover_enabled=&#8221;off&#8221; button_two_text_color__hover_enabled=&#8221;off&#8221; button_border_width__hover_enabled=&#8221;off&#8221; button_one_border_width__hover_enabled=&#8221;off&#8221; button_two_border_width__hover_enabled=&#8221;off&#8221; button_border_color__hover_enabled=&#8221;on&#8221; button_border_color__hover=&#8221;#ffffff&#8221; button_one_border_color__hover_enabled=&#8221;off&#8221; button_two_border_color__hover_enabled=&#8221;off&#8221; button_border_radius__hover_enabled=&#8221;off&#8221; button_one_border_radius__hover_enabled=&#8221;off&#8221; button_two_border_radius__hover_enabled=&#8221;off&#8221; button_letter_spacing__hover_enabled=&#8221;on&#8221; button_letter_spacing__hover=&#8221;2px&#8221; button_one_letter_spacing__hover_enabled=&#8221;off&#8221; button_two_letter_spacing__hover_enabled=&#8221;off&#8221; button_bg_color__hover_enabled=&#8221;on&#8221; button_bg_color__hover=&#8221;rgba(0,0,0,0)&#8221; button_one_bg_color__hover_enabled=&#8221;off&#8221; button_two_bg_color__hover_enabled=&#8221;off&#8221;][\/et_pb_button][et_pb_text _builder_version=&#8221;4.5.1&#8243; _module_preset=&#8221;default&#8221; text_font=&#8221;Montserrat|700|||||||&#8221; text_text_color=&#8221;#8f8f8f&#8221; text_font_size=&#8221;38px&#8221; header_font=&#8221;Abril Fatface|700|||||||&#8221; text_orientation=&#8221;center&#8221; custom_margin=&#8221;42px|||||&#8221; custom_padding=&#8221;2px||0px|||&#8221;]<\/p>\n<p>Domek nr 2<\/p>\n<p>[\/et_pb_text][\/et_pb_column][\/et_pb_row][\/et_pb_section][et_pb_section fb_built=&#8221;1&#8243; next_background_color=&#8221;#ffffff&#8221; _builder_version=&#8221;4.5.1&#8243; _module_preset=&#8221;default&#8221; background_color=&#8221;#3874ff&#8221; custom_margin=&#8221;-2px|||||&#8221; custom_padding=&#8221;129px||2px|||&#8221; top_divider_style=&#8221;waves&#8221; top_divider_color=&#8221;#FFFFFF&#8221; bottom_divider_style=&#8221;waves&#8221;][et_pb_row _builder_version=&#8221;4.5.1&#8243; _module_preset=&#8221;default&#8221; custom_padding=&#8221;||165px|||&#8221;][et_pb_column type=&#8221;4_4&#8243; _builder_version=&#8221;4.5.1&#8243; _module_preset=&#8221;default&#8221;][et_pb_text _builder_version=&#8221;4.5.1&#8243; _module_preset=&#8221;default&#8221; text_text_color=&#8221;#FFFFFF&#8221; text_font_size=&#8221;49px&#8221; text_line_height=&#8221;1.8em&#8221; text_orientation=&#8221;center&#8221;]<\/p>\n<p>Domki tylko 200m do morza<\/p>\n<p>[\/et_pb_text][\/et_pb_column][\/et_pb_row][\/et_pb_section][et_pb_section fb_built=&#8221;1&#8243; _builder_version=&#8221;4.5.1&#8243; _module_preset=&#8221;default&#8221;][et_pb_row column_structure=&#8221;1_5,3_5,1_5&#8243; _builder_version=&#8221;4.5.1&#8243; _module_preset=&#8221;default&#8221;][et_pb_column type=&#8221;1_5&#8243; _builder_version=&#8221;4.5.1&#8243; _module_preset=&#8221;default&#8221;][\/et_pb_column][et_pb_column type=&#8221;3_5&#8243; _builder_version=&#8221;4.5.1&#8243; _module_preset=&#8221;default&#8221;][et_pb_image src=&#8221;http:\/\/lucedomki.pl\/wp-content\/uploads\/2022\/06\/luce-200-1.png&#8221; title_text=&#8221;luce-200&#8243; _builder_version=&#8221;4.5.1&#8243; _module_preset=&#8221;default&#8221;][\/et_pb_image][\/et_pb_column][et_pb_column type=&#8221;1_5&#8243; _builder_version=&#8221;4.5.1&#8243; _module_preset=&#8221;default&#8221;][\/et_pb_column][\/et_pb_row][\/et_pb_section][et_pb_section fb_built=&#8221;1&#8243; next_background_color=&#8221;#ffffff&#8221; _builder_version=&#8221;4.5.1&#8243; _module_preset=&#8221;default&#8221; background_color=&#8221;#3874ff&#8221; custom_margin=&#8221;-2px|||||&#8221; custom_padding=&#8221;129px||2px|||&#8221; top_divider_style=&#8221;waves&#8221; top_divider_color=&#8221;#FFFFFF&#8221; bottom_divider_style=&#8221;waves&#8221;][et_pb_row _builder_version=&#8221;4.5.1&#8243; _module_preset=&#8221;default&#8221; custom_padding=&#8221;||171px|||&#8221;][et_pb_column type=&#8221;4_4&#8243; _builder_version=&#8221;4.5.1&#8243; _module_preset=&#8221;default&#8221;][et_pb_text _builder_version=&#8221;4.5.1&#8243; _module_preset=&#8221;default&#8221; text_text_color=&#8221;#FFFFFF&#8221; text_font_size=&#8221;49px&#8221; text_line_height=&#8221;1.8em&#8221; text_orientation=&#8221;center&#8221;]<\/p>\n<p>Zobacz domki nad morzem<\/p>\n<p>[\/et_pb_text][\/et_pb_column][\/et_pb_row][\/et_pb_section][et_pb_section fb_built=&#8221;1&#8243; fullwidth=&#8221;on&#8221; _builder_version=&#8221;4.5.1&#8243; _module_preset=&#8221;default&#8221;][\/et_pb_section][et_pb_section fb_built=&#8221;1&#8243; _builder_version=&#8221;4.5.1&#8243; _module_preset=&#8221;default&#8221;][et_pb_row _builder_version=&#8221;4.5.1&#8243; _module_preset=&#8221;default&#8221;][et_pb_column type=&#8221;4_4&#8243; _builder_version=&#8221;4.5.1&#8243; _module_preset=&#8221;default&#8221;][et_pb_video src=&#8221;http:\/\/lucedomki.pl\/wp-content\/uploads\/2022\/06\/domki-nad-morzem-kopan-darlowek.mp4&#8243; image_src=&#8221;http:\/\/lucedomki.pl\/wp-content\/uploads\/2022\/06\/20210815_202843-scaled.jpg&#8221; thumbnail_overlay_color=&#8221;rgba(0,0,0,0.6)&#8221; _builder_version=&#8221;4.5.1&#8243; _module_preset=&#8221;default&#8221;][\/et_pb_video][\/et_pb_column][\/et_pb_row][\/et_pb_section]<\/p>\n","protected":false},"excerpt":{"rendered":"<p>[et_pb_section fb_built=&#8221;1&#8243; inner_shadow=&#8221;on&#8221; prev_background_color=&#8221;#ffffff&#8221; _builder_version=&#8221;4.5.1&#8243; _module_preset=&#8221;default&#8221; background_image=&#8221;http:\/\/lucedomki.pl\/wp-content\/uploads\/2022\/07\/domki-darlowek.jpg&#8221; transform_scale=&#8221;102%|102%&#8221; custom_padding=&#8221;316px||180px|||&#8221; filter_saturate=&#8221;182%&#8221; top_divider_style=&#8221;waves&#8221; bottom_divider_style=&#8221;waves&#8221; bottom_divider_color=&#8221;#FFFFFF&#8221;][\/et_pb_section][et_pb_section fb_built=&#8221;1&#8243; _builder_version=&#8221;4.5.1&#8243; _module_preset=&#8221;default&#8221; custom_margin=&#8221;-2px|||||&#8221; custom_padding=&#8221;||2px|||&#8221; top_divider_color=&#8221;#FFFFFF&#8221;][et_pb_row _builder_version=&#8221;4.5.1&#8243; _module_preset=&#8221;default&#8221;][et_pb_column type=&#8221;4_4&#8243; _builder_version=&#8221;4.5.1&#8243; _module_preset=&#8221;default&#8221;][et_pb_text _builder_version=&#8221;4.5.1&#8243; _module_preset=&#8221;default&#8221; text_font_size=&#8221;49px&#8221; text_line_height=&#8221;1.8em&#8221; text_orientation=&#8221;center&#8221;] Domki nad morzem [\/et_pb_text][\/et_pb_column][\/et_pb_row][et_pb_row _builder_version=&#8221;4.5.1&#8243; _module_preset=&#8221;default&#8221;][et_pb_column type=&#8221;4_4&#8243; _builder_version=&#8221;4.5.1&#8243; _module_preset=&#8221;default&#8221;][et_pb_text _builder_version=&#8221;4.5.1&#8243; _module_preset=&#8221;default&#8221; text_font_size=&#8221;23px&#8221; text_line_height=&#8221;1.8em&#8221;] Zapraszamy do malowniczej miejscowo\u015bci Kopa\u0144 nad morzem, 2 km od Dar\u0142\u00f3wka. Oferujemy Pa\u0144stwu [&hellip;]<\/p>\n","protected":false},"author":1,"featured_media":0,"parent":0,"menu_order":0,"comment_status":"closed","ping_status":"closed","template":"","meta":{"_et_pb_use_builder":"on","_et_pb_old_content":"","_et_gb_content_width":"","footnotes":""},"class_list":["post-62","page","type-page","status-publish","hentry"],"_links":{"self":[{"href":"https:\/\/lucedomki.pl\/index.php?rest_route=\/wp\/v2\/pages\/62","targetHints":{"allow":["GET"]}}],"collection":[{"href":"https:\/\/lucedomki.pl\/index.php?rest_route=\/wp\/v2\/pages"}],"about":[{"href":"https:\/\/lucedomki.pl\/index.php?rest_route=\/wp\/v2\/types\/page"}],"author":[{"embeddable":true,"href":"https:\/\/lucedomki.pl\/index.php?rest_route=\/wp\/v2\/users\/1"}],"replies":[{"embeddable":true,"href":"https:\/\/lucedomki.pl\/index.php?rest_route=%2Fwp%2Fv2%2Fcomments&post=62"}],"version-history":[{"count":40,"href":"https:\/\/lucedomki.pl\/index.php?rest_route=\/wp\/v2\/pages\/62\/revisions"}],"predecessor-version":[{"id":276,"href":"https:\/\/lucedomki.pl\/index.php?rest_route=\/wp\/v2\/pages\/62\/revisions\/276"}],"wp:attachment":[{"href":"https:\/\/lucedomki.pl\/index.php?rest_route=%2Fwp%2Fv2%2Fmedia&parent=62"}],"curies":[{"name":"wp","href":"https:\/\/api.w.org\/{rel}","templated":true}]}}