{"id":348,"date":"2026-02-24T11:30:10","date_gmt":"2026-02-24T10:30:10","guid":{"rendered":"https:\/\/lucedomki.pl\/?page_id=348"},"modified":"2026-02-24T20:36:29","modified_gmt":"2026-02-24T19:36:29","slug":"stodolka","status":"publish","type":"page","link":"https:\/\/lucedomki.pl\/?page_id=348","title":{"rendered":"Stod\u00f3\u0142ka"},"content":{"rendered":"<p>[et_pb_section fb_built=&#8221;1&#8243; _builder_version=&#8221;4.5.1&#8243; _module_preset=&#8221;default&#8221; use_background_color_gradient=&#8221;on&#8221; background_color_gradient_direction=&#8221;176deg&#8221; background_color_gradient_start_position=&#8221;6%&#8221; background_color_gradient_end_position=&#8221;19%&#8221; background_color_gradient_overlays_image=&#8221;on&#8221; background_enable_image=&#8221;off&#8221; custom_margin=&#8221;-2px|||||&#8221; custom_padding=&#8221;||2px|||&#8221; top_divider_color=&#8221;#FFFFFF&#8221;][et_pb_row _builder_version=&#8221;4.5.1&#8243; _module_preset=&#8221;default&#8221;][et_pb_column type=&#8221;4_4&#8243; _builder_version=&#8221;4.5.1&#8243; _module_preset=&#8221;default&#8221;][et_pb_text _builder_version=&#8221;4.5.1&#8243; _module_preset=&#8221;default&#8221; text_font_size=&#8221;49px&#8221; text_line_height=&#8221;1.8em&#8221; background_image=&#8221;https:\/\/lucedomki.pl\/wp-content\/uploads\/2026\/02\/564539763-2.jpg&#8221; text_orientation=&#8221;center&#8221;]<\/p>\n<p><span style=\"color: #f7f7f7;\">STOD\u00d3\u0141KA<\/span><\/p>\n<p>[\/et_pb_text][\/et_pb_column][\/et_pb_row][et_pb_row _builder_version=&#8221;4.5.1&#8243; _module_preset=&#8221;default&#8221; column_structure=&#8221;1_2,1_2&#8243; box_shadow_style=&#8221;preset5&#8243; animation_style=&#8221;slide&#8221; hover_enabled=&#8221;0&#8243;][et_pb_column _builder_version=&#8221;4.5.1&#8243; _module_preset=&#8221;default&#8221; type=&#8221;1_2&#8243;][et_pb_text _builder_version=&#8221;4.5.1&#8243; _module_preset=&#8221;default&#8221; hover_enabled=&#8221;0&#8243; custom_padding=&#8221;||0px|||&#8221;]<\/p>\n<h3><span style=\"color: #f4f4f4;\">S<span style=\"font-size: large;\">tod\u00f3\u0142ka \u2013 100-letnia stodo\u0142a z nowym \u017cyciem w sercu Beskid\u00f3w<\/span><\/span><\/h3>\n<p><span style=\"color: #f4f4f4; font-size: large;\">S\u0105 miejsca stworzone do tego, by na chwil\u0119 zwolni\u0107.<\/span><br data-start=\"117\" data-end=\"120\" \/><span style=\"color: #f4f4f4; font-size: large;\"><strong data-start=\"120\" data-end=\"132\">Stod\u00f3\u0142ka<\/strong> to w\u0142a\u015bnie takie miejsce.<\/span><\/p>\n<p><span style=\"color: #f4f4f4; font-size: large;\">To ponad 100-letnia stodo\u0142a, kt\u00f3ra w 2023 zyska\u0142a nowe \u017cycie i dzi\u015b zaprasza Was do \u015bwiata ciszy, natury i prostych przyjemno\u015bci. Po\u0142o\u017cona w spokojnej okolicy Nieledwi, w sercu <span class=\"hover:entity-accent entity-underline inline cursor-pointer align-baseline\"><span class=\"whitespace-normal\">Beskid \u017bywiecki<\/span><\/span>, jest idealnym wyborem dla tych, kt\u00f3rzy marz\u0105 o prawdziwym <em data-start=\"427\" data-end=\"436\">day off<\/em> \u2013 z dala od miasta, po\u015bpiechu i hotelowego zgie\u0142ku.<\/span><\/p>\n<h3 data-start=\"490\" data-end=\"557\"><span style=\"color: #f4f4f4; font-size: large;\">Klimatyczny domek w g\u00f3rach \u2013 nie hotel, lecz przestrze\u0144 z dusz\u0105<\/span><\/h3>\n<p data-start=\"559\" data-end=\"693\"><span style=\"color: #f4f4f4; font-size: large;\">Stod\u00f3\u0142ka to ca\u0142oroczny, kameralny domek o powierzchni ok. 30 m\u00b2, urz\u0105dzony w odrestaurowanej drewnianej stodole. W \u015brodku znajdziecie:<\/span><\/p>\n<ul data-start=\"695\" data-end=\"871\">\n<li data-start=\"695\" data-end=\"719\">\n<p data-start=\"697\" data-end=\"719\"><span style=\"color: #f4f4f4; font-size: large;\">przytuln\u0105 sypialni\u0119 na antresoli,<\/span><\/p>\n<\/li>\n<li data-start=\"720\" data-end=\"742\">\n<p data-start=\"722\" data-end=\"742\"><span style=\"color: #f4f4f4; font-size: large;\">salon z kominkiem,<\/span><\/p>\n<\/li>\n<li data-start=\"743\" data-end=\"774\">\n<p data-start=\"745\" data-end=\"774\"><span style=\"color: #f4f4f4; font-size: large;\">w pe\u0142ni wyposa\u017con\u0105 kuchni\u0119 z dost\u0119pem do ekspresu,<\/span><\/p>\n<\/li>\n<li data-start=\"775\" data-end=\"810\">\n<p data-start=\"777\" data-end=\"810\"><span style=\"color: #f4f4f4; font-size: large;\">klimatyzacj\u0119 z funkcj\u0105 grzania,<\/span><\/p>\n<\/li>\n<li data-start=\"811\" data-end=\"821\">\n<p data-start=\"813\" data-end=\"821\"><span style=\"color: #f4f4f4; font-size: large;\">Wi-Fi,<\/span><\/p>\n<\/li>\n<li data-start=\"822\" data-end=\"871\">\n<p data-start=\"824\" data-end=\"871\"><span style=\"color: #f4f4f4; font-size: large;\">taras z wyj\u0105tkowym widokiem na natur\u0119 i g\u00f3ry,<\/span><\/p>\n<\/li>\n<li data-start=\"822\" data-end=\"871\"><span style=\"color: #f4f4f4; font-size: large;\">zestaw do grilla.<\/span><\/li>\n<\/ul>\n<p data-start=\"873\" data-end=\"979\"><span style=\"color: #f4f4f4; font-size: large;\">Do dyspozycji go\u015bci jest r\u00f3wnie\u017c ogr\u00f3d oraz bezp\u0142atny prywatny parking.<\/span><\/p>\n<p data-start=\"1881\" data-end=\"1982\"><span style=\"color: #f4f4f4; font-size: large;\"><\/span><\/p>\n<p>[\/et_pb_text][\/et_pb_column][et_pb_column _builder_version=&#8221;4.5.1&#8243; _module_preset=&#8221;default&#8221; type=&#8221;1_2&#8243;][et_pb_text _builder_version=&#8221;4.5.1&#8243; _module_preset=&#8221;default&#8221; hover_enabled=&#8221;0&#8243;]<\/p>\n<h3 data-start=\"873\" data-end=\"979\"><span style=\"color: #eaeaea; font-size: large;\">Zimowy klimat? Tu tworzycie go sami<\/span><\/h3>\n<p data-start=\"1022\" data-end=\"1112\"><span style=\"color: #eaeaea; font-size: large;\">Zim\u0105 Stod\u00f3\u0142ka pokazuje swoje najbardziej magiczne oblicze. \u015anieg, cisza i zapach drewna.<\/span><\/p>\n<p data-start=\"1114\" data-end=\"1370\"><span style=\"color: #eaeaea; font-size: large;\">To domek w g\u00f3rach \u2013 tutaj ogie\u0144 w kominku rozpalacie sami. Dla wielu naszych go\u015bci to nie obowi\u0105zek, lecz rytua\u0142 i cz\u0119\u015b\u0107 do\u015bwiadczenia. Oczywi\u015bcie do dyspozycji jest klimatyzacja z funkcj\u0105 ogrzewania, ale nic nie zast\u0105pi ciep\u0142a i klimatu prawdziwego ognia.<\/span><\/p>\n<p data-start=\"1372\" data-end=\"1540\"><span style=\"color: #eaeaea; font-size: large;\">Je\u015bli szukacie obs\u0142ugi 24\/7, room service i pi\u0119ciu gwiazdek \u2013 to nie to miejsce.<\/span><br data-start=\"1452\" data-end=\"1455\" \/><span style=\"color: #eaeaea; font-size: large;\">Je\u015bli marzy Wam si\u0119 koc, ksi\u0105\u017cka, trzask drewna i widok na g\u00f3ry \u2013 b\u0119dziecie u siebie.<\/span><\/p>\n<h3 data-start=\"1542\" data-end=\"1580\"><span style=\"color: #eaeaea; font-size: large;\">Natura, cisza i aktywny wypoczynek<\/span><\/h3>\n<p data-start=\"1582\" data-end=\"1672\"><span style=\"color: #eaeaea; font-size: large;\">Lokalizacja jest niezwykle doceniana przez go\u015bci \u2013 za cisz\u0119, przestrze\u0144 i autentyczno\u015b\u0107.<\/span><\/p>\n<p data-start=\"1674\" data-end=\"1692\"><span style=\"color: #eaeaea; font-size: large;\">W okolicy mo\u017cecie:<\/span><\/p>\n<ul data-start=\"1694\" data-end=\"1879\">\n<li data-start=\"1694\" data-end=\"1740\">\n<p data-start=\"1696\" data-end=\"1740\"><span style=\"color: #eaeaea; font-size: large;\">wybra\u0107 si\u0119 na w\u0119dr\u00f3wk\u0119 Szlakiem Papieskim,<\/span><\/p>\n<\/li>\n<li data-start=\"1741\" data-end=\"1789\">\n<p data-start=\"1743\" data-end=\"1789\"><span style=\"color: #eaeaea; font-size: large;\">skorzysta\u0107 z pobliskich stok\u00f3w narciarskich,<\/span><\/p>\n<\/li>\n<li data-start=\"1790\" data-end=\"1830\">\n<p data-start=\"1792\" data-end=\"1830\"><span style=\"color: #eaeaea; font-size: large;\">odwiedzi\u0107 lokalne atrakcje muzealne,<\/span><\/p>\n<\/li>\n<li data-start=\"1831\" data-end=\"1879\">\n<p data-start=\"1833\" data-end=\"1879\"><span style=\"color: #eaeaea; font-size: large;\">odkrywa\u0107 g\u00f3rskie trasy spacerowe i rowerowe.<\/span><\/p>\n<\/li>\n<\/ul>\n<p data-start=\"1881\" data-end=\"1982\"><span style=\"color: #eaeaea; font-size: large;\">To idealne miejsce na weekendowy reset, romantyczny wyjazd we dwoje lub spokojny pobyt blisko natury.<\/span><\/p>\n<p>[\/et_pb_text][\/et_pb_column][\/et_pb_row][et_pb_row _builder_version=&#8221;4.5.1&#8243; _module_preset=&#8221;default&#8221;][et_pb_column _builder_version=&#8221;4.5.1&#8243; _module_preset=&#8221;default&#8221; type=&#8221;4_4&#8243;][et_pb_text _builder_version=&#8221;4.5.1&#8243; _module_preset=&#8221;default&#8221; hover_enabled=&#8221;0&#8243;]<\/p>\n<h3 style=\"text-align: center;\"><span style=\"color: #f4f4f4;\"><strong data-start=\"1989\" data-end=\"2001\">Stod\u00f3\u0142ka<\/strong> to nie luksusowy hotel.<\/span><br data-start=\"2025\" data-end=\"2028\" \/><span style=\"color: #f4f4f4;\">To domek w g\u00f3rach na wsi.<\/span><br data-start=\"2053\" data-end=\"2056\" \/><span style=\"color: #f4f4f4;\">Na oddech. Na cisz\u0119. Na bycie tu i teraz.<\/span><\/h3>\n<h4 data-start=\"2101\" data-end=\"2186\" style=\"text-align: center;\"><span style=\"color: #f4f4f4; font-size: large;\">Zapraszamy Was do miejsca, kt\u00f3rym dzielimy si\u0119 jak w\u0142asnym marzeniem o domu <\/span><\/h4>\n<h4 data-start=\"2101\" data-end=\"2186\" style=\"text-align: center;\"><span style=\"color: #f4f4f4; font-size: large;\">w g\u00f3rach.<\/span><\/h4>\n<p>[\/et_pb_text][\/et_pb_column][\/et_pb_row][et_pb_row _builder_version=&#8221;4.5.1&#8243; _module_preset=&#8221;default&#8221;][et_pb_column type=&#8221;4_4&#8243; _builder_version=&#8221;4.5.1&#8243; _module_preset=&#8221;default&#8221;][et_pb_social_media_follow follow_button=&#8221;on&#8221; use_icon_font_size=&#8221;on&#8221; icon_font_size=&#8221;38px&#8221; _builder_version=&#8221;4.5.1&#8243; _module_preset=&#8221;default&#8221; text_orientation=&#8221;center&#8221; width=&#8221;100%&#8221; module_alignment=&#8221;center&#8221; scroll_vertical_motion=&#8221;12|50|50|87|4|0|-4&#8243;][et_pb_social_media_follow_network social_network=&#8221;facebook&#8221; url=&#8221;https:\/\/www.facebook.com\/LUCEosada\/&#8221; _builder_version=&#8221;4.5.1&#8243; _module_preset=&#8221;default&#8221; background_color=&#8221;#3b5998&#8243; follow_button=&#8221;on&#8221; url_new_window=&#8221;on&#8221;]facebook[\/et_pb_social_media_follow_network][et_pb_social_media_follow_network social_network=&#8221;instagram&#8221; url=&#8221;https:\/\/www.instagram.com\/luce.osada\/&#8221; _builder_version=&#8221;4.5.1&#8243; _module_preset=&#8221;default&#8221; background_color=&#8221;#ea2c59&#8243; follow_button=&#8221;on&#8221; url_new_window=&#8221;on&#8221;]instagram[\/et_pb_social_media_follow_network][\/et_pb_social_media_follow][\/et_pb_column][\/et_pb_row][et_pb_row _builder_version=&#8221;4.5.1&#8243; _module_preset=&#8221;default&#8221;][et_pb_column type=&#8221;4_4&#8243; _builder_version=&#8221;4.5.1&#8243; _module_preset=&#8221;default&#8221;][et_pb_image src=&#8221;https:\/\/lucedomki.pl\/wp-content\/uploads\/2026\/02\/1-e1771931456861.png&#8221; title_text=&#8221;1&#8243; align=&#8221;center&#8221; _builder_version=&#8221;4.5.1&#8243; _module_preset=&#8221;default&#8221;][\/et_pb_image][et_pb_text _builder_version=&#8221;4.5.1&#8243; _module_preset=&#8221;default&#8221;]<\/p>\n<h3><span style=\"color: #f4f4f4; font-size: large;\">Zasady dzia\u0142alno\u015bci<\/span><\/h3>\n<p><span style=\"color: #f4f4f4; font-size: large;\">Doba rozpoczyna si\u0119 o godzinie 16:00<\/span><\/p>\n<p><span style=\"color: #f4f4f4; font-size: large;\">Wymeldowanie do godziny 10:00<\/span><\/p>\n<p><span style=\"color: #f4f4f4; font-size: large;\">Obowi\u0105zuje ca\u0142kowity zakaz organizowania imprez okoliczno\u015bciowych!<\/span><\/p>\n<p><span style=\"color: #f4f4f4; font-size: large;\">Na terenie LUCE Osady znajduje si\u0119 strefa relaksu: sauna oraz jacuzzi, w odleg\u0142o\u015bci 50m od Stod\u00f3\u0142ki.<\/span><\/p>\n<p><span style=\"color: #f4f4f4; font-size: large;\">Korzystanie z sauny oraz jacuzzi odbywa si\u0119 za dodatkow\u0105 op\u0142at\u0105:<\/span><\/p>\n<ul>\n<li><span style=\"color: #f4f4f4; font-size: large;\">jacuzzi: kwota za przygotowanie oraz pierwszy dzie\u0144 korzystania to 300 z\u0142. Op\u0142ata za ka\u017cdy kolejny dzie\u0144 korzystania podczas jednego pobytu to 100 z\u0142. Jacuzzi jest udost\u0119pniane na wy\u0142\u0105czno\u015b\u0107.<\/span><\/li>\n<li><span style=\"color: #f4f4f4; font-size: large;\">sauna: kwota za nagrzanie oraz pierwsz\u0105 godzin\u0119 korzystania to 150 z\u0142. Op\u0142ata za ka\u017cd\u0105 kolejn\u0105 godzin\u0119 w danym dniu to 50 z\u0142.<\/span><\/li>\n<\/ul>\n<p>[\/et_pb_text][et_pb_image src=&#8221;https:\/\/lucedomki.pl\/wp-content\/uploads\/2026\/02\/2-e1771931810170.png&#8221; title_text=&#8221;2&#8243; align=&#8221;center&#8221; _builder_version=&#8221;4.5.1&#8243; _module_preset=&#8221;default&#8221;][\/et_pb_image][et_pb_text _builder_version=&#8221;4.5.1&#8243; _module_preset=&#8221;default&#8221;]<\/p>\n<p>&nbsp;<\/p>\n<p><span style=\"color: #f4f4f4; font-size: large;\">Dodatkowa op\u0142ata za zwierz\u0119ta domowe to 200 z\u0142 za ca\u0142y pobyt.<\/span><\/p>\n<p>&nbsp;<\/p>\n<p>[\/et_pb_text][et_pb_image src=&#8221;https:\/\/lucedomki.pl\/wp-content\/uploads\/2026\/02\/3-e1771932218937.png&#8221; title_text=&#8221;3&#8243; align=&#8221;center&#8221; _builder_version=&#8221;4.5.1&#8243; _module_preset=&#8221;default&#8221;][\/et_pb_image][et_pb_text _builder_version=&#8221;4.5.1&#8243; _module_preset=&#8221;default&#8221;]<\/p>\n<p><span style=\"color: #f2f2f2; font-size: large;\">Op\u0142ata za jedn\u0105 do dw\u00f3ch os\u00f3b za dob\u0119 to 300 z\u0142.\u00a0<\/span><\/p>\n<p><span style=\"color: #f2f2f2; font-size: large;\">Op\u0142ata za trzy do czterech os\u00f3b za dob\u0119 to 500 z\u0142.\u00a0<\/span><\/p>\n<p><span style=\"color: #f2f2f2; font-size: large;\">Celem potwierdzenia rezerwacji jest wp\u0142ata zadatku w wysoko\u015bci 30% warto\u015bci pobytu do 48 godzin od potwierdzenia mailowego dost\u0119pno\u015bci na konto:<\/span><\/p>\n<p><span style=\"color: #f2f2f2; font-size: large;\">Fundacja LUCE<\/span><\/p>\n<p><span style=\"color: #f2f2f2; font-size: large;\">ING Bank \u015al\u0105ski<\/span><\/p>\n<p><span style=\"color: #f2f2f2; font-size: large;\">nr konta\u00a073 1050 1070 1000 0090 3046 5125<\/span><\/p>\n<p><span style=\"color: #f2f2f2; font-size: large;\">tytu\u0142em: Pobyt w Stod\u00f3\u0142ce w terminie [data pobytu]<\/span><\/p>\n<p>[\/et_pb_text][\/et_pb_column][\/et_pb_row][\/et_pb_section][et_pb_section fb_built=&#8221;1&#8243; specialty=&#8221;on&#8221; prev_background_color=&#8221;#ffffff&#8221; _builder_version=&#8221;4.5.1&#8243; _module_preset=&#8221;default&#8221; background_color=&#8221;#88c4dd&#8221; custom_padding=&#8221;87px||136px|||&#8221; top_divider_style=&#8221;graph4&#8243; bottom_divider_style=&#8221;graph4&#8243; bottom_divider_color=&#8221;#FFFFFF&#8221;][et_pb_column type=&#8221;1_2&#8243; _builder_version=&#8221;3.25&#8243; custom_padding=&#8221;|||&#8221; custom_padding__hover=&#8221;|||&#8221;][et_pb_image src=&#8221;https:\/\/lucedomki.pl\/wp-content\/uploads\/2026\/02\/564539617.jpg&#8221; title_text=&#8221;564539617&#8243; _builder_version=&#8221;4.5.1&#8243; _module_preset=&#8221;default&#8221;][\/et_pb_image][et_pb_image src=&#8221;https:\/\/lucedomki.pl\/wp-content\/uploads\/2026\/02\/IMG_8199-scaled.jpg&#8221; title_text=&#8221;IMG_8199&#8243; _builder_version=&#8221;4.5.1&#8243; _module_preset=&#8221;default&#8221;][\/et_pb_image][et_pb_image src=&#8221;https:\/\/lucedomki.pl\/wp-content\/uploads\/2026\/02\/IMG_8186-scaled.jpg&#8221; title_text=&#8221;IMG_8186&#8243; _builder_version=&#8221;4.5.1&#8243; _module_preset=&#8221;default&#8221;][\/et_pb_image][\/et_pb_column][et_pb_column type=&#8221;1_2&#8243; specialty_columns=&#8221;2&#8243; _builder_version=&#8221;3.25&#8243; custom_padding=&#8221;|||&#8221; custom_padding__hover=&#8221;|||&#8221;][et_pb_row_inner _builder_version=&#8221;4.5.1&#8243; _module_preset=&#8221;default&#8221;][et_pb_column_inner saved_specialty_column_type=&#8221;1_2&#8243; _builder_version=&#8221;4.5.1&#8243; _module_preset=&#8221;default&#8221;][et_pb_image src=&#8221;https:\/\/lucedomki.pl\/wp-content\/uploads\/2026\/02\/IMG_8202-scaled.jpg&#8221; title_text=&#8221;IMG_8202&#8243; _builder_version=&#8221;4.5.1&#8243; _module_preset=&#8221;default&#8221;][\/et_pb_image][\/et_pb_column_inner][\/et_pb_row_inner][et_pb_row_inner _builder_version=&#8221;4.5.1&#8243; _module_preset=&#8221;default&#8221;][et_pb_column_inner saved_specialty_column_type=&#8221;1_2&#8243; _builder_version=&#8221;4.5.1&#8243; _module_preset=&#8221;default&#8221;][et_pb_image src=&#8221;https:\/\/lucedomki.pl\/wp-content\/uploads\/2026\/02\/IMG_8189-scaled.jpg&#8221; title_text=&#8221;IMG_8189&#8243; _builder_version=&#8221;4.5.1&#8243; _module_preset=&#8221;default&#8221;][\/et_pb_image][\/et_pb_column_inner][\/et_pb_row_inner][et_pb_row_inner _builder_version=&#8221;4.5.1&#8243; _module_preset=&#8221;default&#8221;][et_pb_column_inner saved_specialty_column_type=&#8221;1_2&#8243; _builder_version=&#8221;4.5.1&#8243; _module_preset=&#8221;default&#8221;][et_pb_image src=&#8221;https:\/\/lucedomki.pl\/wp-content\/uploads\/2026\/02\/575310309.jpg&#8221; title_text=&#8221;575310309&#8243; _builder_version=&#8221;4.5.1&#8243; _module_preset=&#8221;default&#8221;][\/et_pb_image][\/et_pb_column_inner][\/et_pb_row_inner][\/et_pb_column][\/et_pb_section]<\/p>\n","protected":false},"excerpt":{"rendered":"<p>[et_pb_section fb_built=&#8221;1&#8243; _builder_version=&#8221;4.5.1&#8243; _module_preset=&#8221;default&#8221; use_background_color_gradient=&#8221;on&#8221; background_color_gradient_direction=&#8221;176deg&#8221; background_color_gradient_start_position=&#8221;6%&#8221; background_color_gradient_end_position=&#8221;19%&#8221; background_color_gradient_overlays_image=&#8221;on&#8221; background_enable_image=&#8221;off&#8221; custom_margin=&#8221;-2px|||||&#8221; custom_padding=&#8221;||2px|||&#8221; top_divider_color=&#8221;#FFFFFF&#8221;][et_pb_row _builder_version=&#8221;4.5.1&#8243; _module_preset=&#8221;default&#8221;][et_pb_column type=&#8221;4_4&#8243; _builder_version=&#8221;4.5.1&#8243; _module_preset=&#8221;default&#8221;][et_pb_text _builder_version=&#8221;4.5.1&#8243; _module_preset=&#8221;default&#8221; text_font_size=&#8221;49px&#8221; text_line_height=&#8221;1.8em&#8221; background_image=&#8221;https:\/\/lucedomki.pl\/wp-content\/uploads\/2026\/02\/564539763-2.jpg&#8221; text_orientation=&#8221;center&#8221;] STOD\u00d3\u0141KA [\/et_pb_text][\/et_pb_column][\/et_pb_row][et_pb_row _builder_version=&#8221;4.5.1&#8243; _module_preset=&#8221;default&#8221; column_structure=&#8221;1_2,1_2&#8243; box_shadow_style=&#8221;preset5&#8243; animation_style=&#8221;slide&#8221; hover_enabled=&#8221;0&#8243;][et_pb_column _builder_version=&#8221;4.5.1&#8243; _module_preset=&#8221;default&#8221; type=&#8221;1_2&#8243;][et_pb_text _builder_version=&#8221;4.5.1&#8243; _module_preset=&#8221;default&#8221; hover_enabled=&#8221;0&#8243; custom_padding=&#8221;||0px|||&#8221;] Stod\u00f3\u0142ka \u2013 100-letnia stodo\u0142a z nowym \u017cyciem w sercu Beskid\u00f3w S\u0105 miejsca stworzone do tego, by [&hellip;]<\/p>\n","protected":false},"author":1,"featured_media":0,"parent":0,"menu_order":0,"comment_status":"closed","ping_status":"closed","template":"","meta":{"_et_pb_use_builder":"on","_et_pb_old_content":"","_et_gb_content_width":"","footnotes":""},"class_list":["post-348","page","type-page","status-publish","hentry"],"_links":{"self":[{"href":"https:\/\/lucedomki.pl\/index.php?rest_route=\/wp\/v2\/pages\/348","targetHints":{"allow":["GET"]}}],"collection":[{"href":"https:\/\/lucedomki.pl\/index.php?rest_route=\/wp\/v2\/pages"}],"about":[{"href":"https:\/\/lucedomki.pl\/index.php?rest_route=\/wp\/v2\/types\/page"}],"author":[{"embeddable":true,"href":"https:\/\/lucedomki.pl\/index.php?rest_route=\/wp\/v2\/users\/1"}],"replies":[{"embeddable":true,"href":"https:\/\/lucedomki.pl\/index.php?rest_route=%2Fwp%2Fv2%2Fcomments&post=348"}],"version-history":[{"count":10,"href":"https:\/\/lucedomki.pl\/index.php?rest_route=\/wp\/v2\/pages\/348\/revisions"}],"predecessor-version":[{"id":386,"href":"https:\/\/lucedomki.pl\/index.php?rest_route=\/wp\/v2\/pages\/348\/revisions\/386"}],"wp:attachment":[{"href":"https:\/\/lucedomki.pl\/index.php?rest_route=%2Fwp%2Fv2%2Fmedia&parent=348"}],"curies":[{"name":"wp","href":"https:\/\/api.w.org\/{rel}","templated":true}]}}